{"id":1691,"date":"2019-11-01T12:35:28","date_gmt":"2019-11-01T11:35:28","guid":{"rendered":"http:\/\/ebm-sa.be\/?page_id=1691"},"modified":"2019-11-01T12:35:30","modified_gmt":"2019-11-01T11:35:30","slug":"containers-maison","status":"publish","type":"page","link":"https:\/\/ebm-sa.be\/index.php\/containers-maison\/","title":{"rendered":"Containers maison"},"content":{"rendered":"\n<p>Notre\nsoci\u00e9t\u00e9 propose une gamme de containers maison soit un style de&nbsp;maison&nbsp;individuelle ou\ncollective construite \u00e0 base de conteneurs, neufs ou de r\u00e9emploi. <br>\nNos containers maisons sont disponibles en diff\u00e9rentes dimensions et nous garantissons\nune rapidit\u00e9 de construction.<br>\nNous containers sont modulables et nous vous\nproposons d\u2019am\u00e9nager les containers selon vos besoins. Nos containers sont\n\u00e9galement faciles \u00e0 installer et d\u00e9pla\u00e7ables.<br>\nIl s\u2019agit d\u2019une solution \u00e9conomique, rapide et laissant place \u00e0 l\u2019imagination\nlors de la cr\u00e9ation du container-maison. Nos containers maisons sont \u00e9tudi\u00e9s\npour r\u00e9sister aux conditions extr\u00eames. Ainsi, par exemple, nous pouvons mettre en place un dispositif\nd\u2019isolation thermique afin de pr\u00e9server la maison des temp\u00e9ratures extr\u00eames. <\/p>\n","protected":false},"excerpt":{"rendered":"<p>Notre soci\u00e9t\u00e9 propose une gamme de containers maison soit un style de&nbsp;maison&nbsp;individuelle ou collective construite \u00e0 base de conteneurs, neufs ou de r\u00e9emploi. Nos containers&hellip;<\/p>\n","protected":false},"author":1,"featured_media":0,"parent":0,"menu_order":0,"comment_status":"closed","ping_status":"closed","template":"","meta":[],"_links":{"self":[{"href":"https:\/\/ebm-sa.be\/index.php\/wp-json\/wp\/v2\/pages\/1691"}],"collection":[{"href":"https:\/\/ebm-sa.be\/index.php\/wp-json\/wp\/v2\/pages"}],"about":[{"href":"https:\/\/ebm-sa.be\/index.php\/wp-json\/wp\/v2\/types\/page"}],"author":[{"embeddable":true,"href":"https:\/\/ebm-sa.be\/index.php\/wp-json\/wp\/v2\/users\/1"}],"replies":[{"embeddable":true,"href":"https:\/\/ebm-sa.be\/index.php\/wp-json\/wp\/v2\/comments?post=1691"}],"version-history":[{"count":1,"href":"https:\/\/ebm-sa.be\/index.php\/wp-json\/wp\/v2\/pages\/1691\/revisions"}],"predecessor-version":[{"id":1692,"href":"https:\/\/ebm-sa.be\/index.php\/wp-json\/wp\/v2\/pages\/1691\/revisions\/1692"}],"wp:attachment":[{"href":"https:\/\/ebm-sa.be\/index.php\/wp-json\/wp\/v2\/media?parent=1691"}],"curies":[{"name":"wp","href":"https:\/\/api.w.org\/{rel}","templated":true}]}}