{"id":34,"date":"2018-05-03T03:19:10","date_gmt":"2018-05-03T03:19:10","guid":{"rendered":"http:\/\/customifysites.com\/customify-2018\/?page_id=34"},"modified":"2019-11-16T13:04:08","modified_gmt":"2019-11-16T12:04:08","slug":"centre-dentrainement-au-combat","status":"publish","type":"page","link":"https:\/\/ebm-sa.be\/index.php\/centre-dentrainement-au-combat\/","title":{"rendered":"Centre d&rsquo;entra\u00eenement au combat"},"content":{"rendered":"\t\t<div data-elementor-type=\"wp-page\" data-elementor-id=\"34\" class=\"elementor elementor-34\">\n\t\t\t\t\t\t<div class=\"elementor-inner\">\n\t\t\t\t<div class=\"elementor-section-wrap\">\n\t\t\t\t\t\t\t\t\t<section class=\"elementor-section elementor-top-section elementor-element elementor-element-115511e elementor-section-boxed elementor-section-height-default elementor-section-height-default\" data-id=\"115511e\" data-element_type=\"section\">\n\t\t\t\t\t\t<div class=\"elementor-container elementor-column-gap-default\">\n\t\t\t\t\t\t\t<div class=\"elementor-row\">\n\t\t\t\t\t<div class=\"elementor-column elementor-col-100 elementor-top-column elementor-element elementor-element-7c14411\" data-id=\"7c14411\" data-element_type=\"column\">\n\t\t\t<div class=\"elementor-column-wrap elementor-element-populated\">\n\t\t\t\t\t\t\t<div class=\"elementor-widget-wrap\">\n\t\t\t\t\t\t<div class=\"elementor-element elementor-element-24c9a2e elementor-widget elementor-widget-image\" data-id=\"24c9a2e\" data-element_type=\"widget\" data-widget_type=\"image.default\">\n\t\t\t\t<div class=\"elementor-widget-container\">\n\t\t\t\t\t\t\t\t<div class=\"elementor-image\">\n\t\t\t\t\t\t\t\t\t\t\t\t<img decoding=async  width=\"843\" height=\"408\" src=\"https:\/\/mlfx41qsxaiq.i.optimole.com\/w:1024\/h:496\/q:mauto\/f:avif\/https:\/\/ebm-sa.be\/wp-content\/uploads\/2019\/11\/Photo-BICUB.jpg\" class=\"attachment-large size-large\" alt=\"\" \/>\t\t\t\t\t\t\t\t\t\t\t\t\t\t<\/div>\n\t\t\t\t\t\t<\/div>\n\t\t\t\t<\/div>\n\t\t\t\t\t\t<\/div>\n\t\t\t\t\t<\/div>\n\t\t<\/div>\n\t\t\t\t\t\t\t\t<\/div>\n\t\t\t\t\t<\/div>\n\t\t<\/section>\n\t\t\t\t<section class=\"elementor-section elementor-top-section elementor-element elementor-element-89aa3ff elementor-section-boxed elementor-section-height-default elementor-section-height-default\" data-id=\"89aa3ff\" data-element_type=\"section\">\n\t\t\t\t\t\t<div class=\"elementor-container elementor-column-gap-default\">\n\t\t\t\t\t\t\t<div class=\"elementor-row\">\n\t\t\t\t\t<div class=\"elementor-column elementor-col-100 elementor-top-column elementor-element elementor-element-a76ed72\" data-id=\"a76ed72\" data-element_type=\"column\">\n\t\t\t<div class=\"elementor-column-wrap elementor-element-populated\">\n\t\t\t\t\t\t\t<div class=\"elementor-widget-wrap\">\n\t\t\t\t\t\t<div class=\"elementor-element elementor-element-5135a37 elementor-widget elementor-widget-heading\" data-id=\"5135a37\" data-element_type=\"widget\" data-widget_type=\"heading.default\">\n\t\t\t\t<div class=\"elementor-widget-container\">\n\t\t\t<h2 class=\"elementor-heading-title elementor-size-default\">Notre soci\u00e9t\u00e9 est sp\u00e9cialis\u00e9e dans la cr\u00e9ation de complexes de combat en zone urbaine.<\/h2>\t\t<\/div>\n\t\t\t\t<\/div>\n\t\t\t\t\t\t<\/div>\n\t\t\t\t\t<\/div>\n\t\t<\/div>\n\t\t\t\t\t\t\t\t<\/div>\n\t\t\t\t\t<\/div>\n\t\t<\/section>\n\t\t\t\t<section class=\"elementor-section elementor-top-section elementor-element elementor-element-1f238a9 elementor-section-boxed elementor-section-height-default elementor-section-height-default\" data-id=\"1f238a9\" data-element_type=\"section\">\n\t\t\t\t\t\t<div class=\"elementor-container elementor-column-gap-default\">\n\t\t\t\t\t\t\t<div class=\"elementor-row\">\n\t\t\t\t\t<div class=\"elementor-column elementor-col-50 elementor-top-column elementor-element elementor-element-cd68538\" data-id=\"cd68538\" data-element_type=\"column\">\n\t\t\t<div class=\"elementor-column-wrap elementor-element-populated\">\n\t\t\t\t\t\t\t<div class=\"elementor-widget-wrap\">\n\t\t\t\t\t\t<div class=\"elementor-element elementor-element-d73eaf5 elementor-widget elementor-widget-text-editor\" data-id=\"d73eaf5\" data-element_type=\"widget\" data-widget_type=\"text-editor.default\">\n\t\t\t\t<div class=\"elementor-widget-container\">\n\t\t\t\t\t\t\t\t<div class=\"elementor-text-editor elementor-clearfix\">\n\t\t\t\t<p><span lang=\"FR\" style=\"mso-fareast-font-family: 'Times New Roman'; mso-bidi-font-family: 'Times New Roman'; color: #222222; background: white;\">L&rsquo;objectif est de permettre \u00e0 des troupes de s&rsquo;entra\u00eener de fa\u00e7on r\u00e9aliste et int\u00e9gr\u00e9e au combat en zone urbaine tel que dans les villes et villages.<\/span><\/p><p><span lang=\"FR\" style=\"mso-fareast-font-family: 'Times New Roman'; mso-bidi-font-family: Arial; color: black; mso-bidi-font-weight: bold;\">Il serait actuellement hasardeux de s\u2019engager en zone urbaine sans une pr\u00e9paration op\u00e9rationnelle particuli\u00e8re. <\/span><\/p><p><span lang=\"FR\" style=\"mso-fareast-font-family: 'Times New Roman'; mso-bidi-font-family: Arial; color: black; mso-bidi-font-weight: bold;\">Nos portes et fen\u00eatres d\u2019entrainement simulent parfaitement les obstacles rencontr\u00e9s dans les zones urbaines.<\/span><\/p><p><span lang=\"FR\" style=\"mso-fareast-font-family: 'Times New Roman'; mso-bidi-font-family: Arial; color: black; mso-bidi-font-weight: bold;\">Afin de pouvoir simuler l\u2019effraction \u00e0 multiples reprises nous avons un syst\u00e8me de serrure sp\u00e9cial et r\u00e9utilisable.<\/span><\/p><p class=\"MsoNormal\"><span lang=\"FR\" style=\"mso-fareast-font-family: 'Times New Roman'; mso-bidi-font-family: Arial; color: black; mso-bidi-font-weight: bold;\">Nos menuiseries sont \u00e9galement fabriqu\u00e9es de mani\u00e8re robuste afin de r\u00e9sister \u00e0 toute d\u00e9gradations suite aux grandes forces requise lors d\u2019une effraction. <\/span><\/p>\t\t\t\t\t<\/div>\n\t\t\t\t\t\t<\/div>\n\t\t\t\t<\/div>\n\t\t\t\t\t\t<\/div>\n\t\t\t\t\t<\/div>\n\t\t<\/div>\n\t\t\t\t<div class=\"elementor-column elementor-col-50 elementor-top-column elementor-element elementor-element-4572eb9\" data-id=\"4572eb9\" data-element_type=\"column\">\n\t\t\t<div class=\"elementor-column-wrap elementor-element-populated\">\n\t\t\t\t\t\t\t<div class=\"elementor-widget-wrap\">\n\t\t\t\t\t\t<div class=\"elementor-element elementor-element-c4f3eea elementor-widget elementor-widget-image\" data-id=\"c4f3eea\" data-element_type=\"widget\" data-widget_type=\"image.default\">\n\t\t\t\t<div class=\"elementor-widget-container\">\n\t\t\t\t\t\t\t\t<div class=\"elementor-image\">\n\t\t\t\t\t\t\t\t\t\t\t\t<img decoding=async  width=\"439\" height=\"480\" src=\"https:\/\/mlfx41qsxaiq.i.optimole.com\/w:auto\/h:auto\/q:mauto\/f:avif\/https:\/\/ebm-sa.be\/wp-content\/uploads\/2019\/11\/Porte-defraction.jpg\" class=\"attachment-large size-large\" alt=\"\" \/>\t\t\t\t\t\t\t\t\t\t\t\t\t\t<\/div>\n\t\t\t\t\t\t<\/div>\n\t\t\t\t<\/div>\n\t\t\t\t\t\t<\/div>\n\t\t\t\t\t<\/div>\n\t\t<\/div>\n\t\t\t\t\t\t\t\t<\/div>\n\t\t\t\t\t<\/div>\n\t\t<\/section>\n\t\t\t\t<section class=\"elementor-section elementor-top-section elementor-element elementor-element-b111ad3 elementor-section-boxed elementor-section-height-default elementor-section-height-default\" data-id=\"b111ad3\" data-element_type=\"section\">\n\t\t\t\t\t\t<div class=\"elementor-container elementor-column-gap-default\">\n\t\t\t\t\t\t\t<div class=\"elementor-row\">\n\t\t\t\t\t<div class=\"elementor-column elementor-col-100 elementor-top-column elementor-element elementor-element-448f779\" data-id=\"448f779\" data-element_type=\"column\">\n\t\t\t<div class=\"elementor-column-wrap elementor-element-populated\">\n\t\t\t\t\t\t\t<div class=\"elementor-widget-wrap\">\n\t\t\t\t\t\t<div class=\"elementor-element elementor-element-35696ef elementor-widget elementor-widget-text-editor\" data-id=\"35696ef\" data-element_type=\"widget\" data-widget_type=\"text-editor.default\">\n\t\t\t\t<div class=\"elementor-widget-container\">\n\t\t\t\t\t\t\t\t<div class=\"elementor-text-editor elementor-clearfix\">\n\t\t\t\t<p>La zone urbaine doit \u00eatre approch\u00e9e comme un milieu \u00e0 part enti\u00e8re dans lequel le combattant doit poss\u00e9der un savoir-faire adapt\u00e9.<br \/>Les arm\u00e9es modernes doivent pouvoir se pr\u00e9parer \u00e0 l\u2019engagement dans les zones urbanis\u00e9es et dans les espaces confin\u00e9s, et se doter des outils n\u00e9cessaires pour y op\u00e9rer efficacement.<\/p>\t\t\t\t\t<\/div>\n\t\t\t\t\t\t<\/div>\n\t\t\t\t<\/div>\n\t\t\t\t\t\t<\/div>\n\t\t\t\t\t<\/div>\n\t\t<\/div>\n\t\t\t\t\t\t\t\t<\/div>\n\t\t\t\t\t<\/div>\n\t\t<\/section>\n\t\t\t\t<section class=\"elementor-section elementor-top-section elementor-element elementor-element-6acd03e elementor-section-boxed elementor-section-height-default elementor-section-height-default\" data-id=\"6acd03e\" data-element_type=\"section\">\n\t\t\t\t\t\t<div class=\"elementor-container elementor-column-gap-default\">\n\t\t\t\t\t\t\t<div class=\"elementor-row\">\n\t\t\t\t\t<div class=\"elementor-column elementor-col-50 elementor-top-column elementor-element elementor-element-261ee3c\" data-id=\"261ee3c\" data-element_type=\"column\">\n\t\t\t<div class=\"elementor-column-wrap elementor-element-populated\">\n\t\t\t\t\t\t\t<div class=\"elementor-widget-wrap\">\n\t\t\t\t\t\t<div class=\"elementor-element elementor-element-f8fdfb1 elementor-widget elementor-widget-image\" data-id=\"f8fdfb1\" data-element_type=\"widget\" data-widget_type=\"image.default\">\n\t\t\t\t<div class=\"elementor-widget-container\">\n\t\t\t\t\t\t\t\t<div class=\"elementor-image\">\n\t\t\t\t\t\t\t\t\t\t\t\t<img decoding=async  width=\"779\" height=\"600\" src=\"https:\/\/mlfx41qsxaiq.i.optimole.com\/w:auto\/h:auto\/q:mauto\/f:avif\/https:\/\/ebm-sa.be\/wp-content\/uploads\/2019\/11\/Efraction-porte-belier.jpg\" class=\"attachment-large size-large\" alt=\"\" \/>\t\t\t\t\t\t\t\t\t\t\t\t\t\t<\/div>\n\t\t\t\t\t\t<\/div>\n\t\t\t\t<\/div>\n\t\t\t\t\t\t<\/div>\n\t\t\t\t\t<\/div>\n\t\t<\/div>\n\t\t\t\t<div class=\"elementor-column elementor-col-50 elementor-top-column elementor-element elementor-element-71d4220\" data-id=\"71d4220\" data-element_type=\"column\">\n\t\t\t<div class=\"elementor-column-wrap elementor-element-populated\">\n\t\t\t\t\t\t\t<div class=\"elementor-widget-wrap\">\n\t\t\t\t\t\t<div class=\"elementor-element elementor-element-041a516 elementor-widget elementor-widget-text-editor\" data-id=\"041a516\" data-element_type=\"widget\" data-widget_type=\"text-editor.default\">\n\t\t\t\t<div class=\"elementor-widget-container\">\n\t\t\t\t\t\t\t\t<div class=\"elementor-text-editor elementor-clearfix\">\n\t\t\t\t<div class=\"wp-block-column\"><p>L\u2019existence de centres d\u2019entra\u00eenement au combat en zone urbaine se justifie par diverses raisons tels que dans les zones urbaines se trouve g\u00e9n\u00e9ralement le centre de gravit\u00e9 des adversaires. Cette reconfiguration de l\u2019espace urbain cause des difficult\u00e9s pour la fluidit\u00e9 de la man\u0153uvre des unit\u00e9s qui devront s\u2019y engager pour d\u00e9busquer l\u2019ennemi ou prot\u00e9ger les populations. Le complexe de combat en zone urbaine permet donc de se pr\u00e9parer de la mani\u00e8re la plus efficace possible.<br \/>Une autre raison qui justifie l\u2019utilit\u00e9 des complexes de combat est que les villes se modifient par leur architecture et la densit\u00e9, la hauteur des immeubles et la profondeur des sous-sol.<\/p><p>Notre soci\u00e9t\u00e9 peut donc cr\u00e9er le complexe de combat dont vous avez besoin en vue d\u2019optimiser les moyens d\u2019attaque et de d\u00e9fense et de se pr\u00e9parer, de mani\u00e8re fluide, \u00e0 toutes les \u00e9ventualit\u00e9s.<\/p><\/div><div id=\"ConnectiveDocSignExtentionInstalled\" data-extension-version=\"1.0.4\">\u00a0<\/div>\t\t\t\t\t<\/div>\n\t\t\t\t\t\t<\/div>\n\t\t\t\t<\/div>\n\t\t\t\t\t\t<\/div>\n\t\t\t\t\t<\/div>\n\t\t<\/div>\n\t\t\t\t\t\t\t\t<\/div>\n\t\t\t\t\t<\/div>\n\t\t<\/section>\n\t\t\t\t\t\t\t\t\t<\/div>\n\t\t\t<\/div>\n\t\t\t\t\t<\/div>\n\t\t","protected":false},"excerpt":{"rendered":"<p>Notre soci\u00e9t\u00e9 est sp\u00e9cialis\u00e9e dans la cr\u00e9ation de complexes de combat en zone urbaine. L&rsquo;objectif est de permettre \u00e0 des troupes de s&rsquo;entra\u00eener de fa\u00e7on&hellip;<\/p>\n","protected":false},"author":1,"featured_media":0,"parent":0,"menu_order":0,"comment_status":"closed","ping_status":"closed","template":"","meta":[],"_links":{"self":[{"href":"https:\/\/ebm-sa.be\/index.php\/wp-json\/wp\/v2\/pages\/34"}],"collection":[{"href":"https:\/\/ebm-sa.be\/index.php\/wp-json\/wp\/v2\/pages"}],"about":[{"href":"https:\/\/ebm-sa.be\/index.php\/wp-json\/wp\/v2\/types\/page"}],"author":[{"embeddable":true,"href":"https:\/\/ebm-sa.be\/index.php\/wp-json\/wp\/v2\/users\/1"}],"replies":[{"embeddable":true,"href":"https:\/\/ebm-sa.be\/index.php\/wp-json\/wp\/v2\/comments?post=34"}],"version-history":[{"count":21,"href":"https:\/\/ebm-sa.be\/index.php\/wp-json\/wp\/v2\/pages\/34\/revisions"}],"predecessor-version":[{"id":1830,"href":"https:\/\/ebm-sa.be\/index.php\/wp-json\/wp\/v2\/pages\/34\/revisions\/1830"}],"wp:attachment":[{"href":"https:\/\/ebm-sa.be\/index.php\/wp-json\/wp\/v2\/media?parent=34"}],"curies":[{"name":"wp","href":"https:\/\/api.w.org\/{rel}","templated":true}]}}