{"id":35,"date":"2018-05-03T03:19:10","date_gmt":"2018-05-03T03:19:10","guid":{"rendered":"http:\/\/customifysites.com\/customify-2018\/?page_id=35"},"modified":"2019-10-29T16:56:19","modified_gmt":"2019-10-29T15:56:19","slug":"qui-sommes-nous","status":"publish","type":"page","link":"https:\/\/ebm-sa.be\/index.php\/qui-sommes-nous\/","title":{"rendered":"Qui sommes-nous"},"content":{"rendered":"\t\t<div data-elementor-type=\"wp-page\" data-elementor-id=\"35\" class=\"elementor elementor-35\">\n\t\t\t\t\t\t<div class=\"elementor-inner\">\n\t\t\t\t<div class=\"elementor-section-wrap\">\n\t\t\t\t\t\t\t\t\t<section class=\"elementor-section elementor-top-section elementor-element elementor-element-7534dc3 elementor-section-boxed elementor-section-height-default elementor-section-height-default\" data-id=\"7534dc3\" data-element_type=\"section\">\n\t\t\t\t\t\t<div class=\"elementor-container elementor-column-gap-default\">\n\t\t\t\t\t\t\t<div class=\"elementor-row\">\n\t\t\t\t\t<div class=\"elementor-column elementor-col-100 elementor-top-column elementor-element elementor-element-98873c4\" data-id=\"98873c4\" data-element_type=\"column\">\n\t\t\t<div class=\"elementor-column-wrap elementor-element-populated\">\n\t\t\t\t\t\t\t<div class=\"elementor-widget-wrap\">\n\t\t\t\t\t\t<div class=\"elementor-element elementor-element-c190bd7 elementor-widget elementor-widget-image\" data-id=\"c190bd7\" data-element_type=\"widget\" data-widget_type=\"image.default\">\n\t\t\t\t<div class=\"elementor-widget-container\">\n\t\t\t\t\t\t\t\t<div class=\"elementor-image\">\n\t\t\t\t\t\t\t\t\t\t\t\t<img decoding=async  width=\"843\" height=\"278\" src=\"https:\/\/mlfx41qsxaiq.i.optimole.com\/w:auto\/h:auto\/q:mauto\/f:avif\/https:\/\/ebm-sa.be\/wp-content\/uploads\/2019\/10\/main-img.png\" class=\"attachment-large size-large\" alt=\"\" \/>\t\t\t\t\t\t\t\t\t\t\t\t\t\t<\/div>\n\t\t\t\t\t\t<\/div>\n\t\t\t\t<\/div>\n\t\t\t\t\t\t<\/div>\n\t\t\t\t\t<\/div>\n\t\t<\/div>\n\t\t\t\t\t\t\t\t<\/div>\n\t\t\t\t\t<\/div>\n\t\t<\/section>\n\t\t\t\t<section class=\"elementor-section elementor-top-section elementor-element elementor-element-662a33ba elementor-section-boxed elementor-section-height-default elementor-section-height-default\" data-id=\"662a33ba\" data-element_type=\"section\">\n\t\t\t\t\t\t<div class=\"elementor-container elementor-column-gap-default\">\n\t\t\t\t\t\t\t<div class=\"elementor-row\">\n\t\t\t\t\t<div class=\"elementor-column elementor-col-100 elementor-top-column elementor-element elementor-element-54f41a3f\" data-id=\"54f41a3f\" data-element_type=\"column\">\n\t\t\t<div class=\"elementor-column-wrap elementor-element-populated\">\n\t\t\t\t\t\t\t<div class=\"elementor-widget-wrap\">\n\t\t\t\t\t\t<div class=\"elementor-element elementor-element-7f2ae677 elementor-widget elementor-widget-text-editor\" data-id=\"7f2ae677\" data-element_type=\"widget\" data-widget_type=\"text-editor.default\">\n\t\t\t\t<div class=\"elementor-widget-container\">\n\t\t\t\t\t\t\t\t<div class=\"elementor-text-editor elementor-clearfix\">\n\t\t\t\t<p>Quelques mots sur notre soci\u00e9t\u00e9<\/p><p>L\u2019entreprise EBM est sp\u00e9cialiste dans le domaine du travail du m\u00e9tal.<\/p><p>\u00c9tablie sur la fronti\u00e8re franco-belge depuis 1928, EBM est un acteur principal dans le domaine de la m\u00e9tallurgie et de la ferronnerie en Belgique. Au quotidien, EBM apporte son expertise et les comp\u00e9tences n\u00e9cessaires \u00e0 ses clients\u00a0afin de participer \u00e0 la r\u00e9alisation de projets porteurs de grandes ambitions en Belgique comme partout ailleurs.<\/p><p>Le savoir faire de ses ouvriers est la garantie d\u2019un travail de sp\u00e9cialistes ayant de longues ann\u00e9es d\u2019exp\u00e9riences dans le domaine de la construction m\u00e9tallique ,de la chaudronnerie ,des charpentes m\u00e9talliques ,passerelles ,cuves, tr\u00e9mies en acier carbone ou inox ainsi que des \u00e9l\u00e9ments tubulaires m\u00e9cano-soud\u00e9s. Depuis de nombreuses ann\u00e9es les ouvriers ont \u00e9galement d\u00e9velopp\u00e9 un savoir faire exceptionnel dans le domaine de la fabrication et le montage de poteaux m\u00e9talliques. L\u2019entreprise produit ainsi depuis plus de 20 ans plus de 12.000 poteaux pour l\u2019\u00e9clairage public par ann\u00e9e pour le march\u00e9 Belge.<\/p><div id=\"ConnectiveDocSignExtentionInstalled\" data-extension-version=\"1.0.4\">\u00a0<\/div>\t\t\t\t\t<\/div>\n\t\t\t\t\t\t<\/div>\n\t\t\t\t<\/div>\n\t\t\t\t\t\t<\/div>\n\t\t\t\t\t<\/div>\n\t\t<\/div>\n\t\t\t\t\t\t\t\t<\/div>\n\t\t\t\t\t<\/div>\n\t\t<\/section>\n\t\t\t\t<section class=\"elementor-section elementor-top-section elementor-element elementor-element-22855ec elementor-section-boxed elementor-section-height-default elementor-section-height-default\" data-id=\"22855ec\" data-element_type=\"section\">\n\t\t\t\t\t\t<div class=\"elementor-container elementor-column-gap-default\">\n\t\t\t\t\t\t\t<div class=\"elementor-row\">\n\t\t\t\t\t<div class=\"elementor-column elementor-col-100 elementor-top-column elementor-element elementor-element-681b14b\" data-id=\"681b14b\" data-element_type=\"column\">\n\t\t\t<div class=\"elementor-column-wrap elementor-element-populated\">\n\t\t\t\t\t\t\t<div class=\"elementor-widget-wrap\">\n\t\t\t\t\t\t<div class=\"elementor-element elementor-element-1df3f92 elementor-widget elementor-widget-heading\" data-id=\"1df3f92\" data-element_type=\"widget\" data-widget_type=\"heading.default\">\n\t\t\t\t<div class=\"elementor-widget-container\">\n\t\t\t<h2 class=\"elementor-heading-title elementor-size-default\">Une entreprise familiale basee sur le savoir faire.<\/h2>\t\t<\/div>\n\t\t\t\t<\/div>\n\t\t\t\t\t\t<\/div>\n\t\t\t\t\t<\/div>\n\t\t<\/div>\n\t\t\t\t\t\t\t\t<\/div>\n\t\t\t\t\t<\/div>\n\t\t<\/section>\n\t\t\t\t<section class=\"elementor-section elementor-top-section elementor-element elementor-element-1ff7bd9 elementor-section-boxed elementor-section-height-default elementor-section-height-default\" data-id=\"1ff7bd9\" data-element_type=\"section\">\n\t\t\t\t\t\t<div class=\"elementor-container elementor-column-gap-default\">\n\t\t\t\t\t\t\t<div class=\"elementor-row\">\n\t\t\t\t\t<div class=\"elementor-column elementor-col-50 elementor-top-column elementor-element elementor-element-6026747\" data-id=\"6026747\" data-element_type=\"column\">\n\t\t\t<div class=\"elementor-column-wrap elementor-element-populated\">\n\t\t\t\t\t\t\t<div class=\"elementor-widget-wrap\">\n\t\t\t\t\t\t<div class=\"elementor-element elementor-element-4469520 elementor-widget elementor-widget-text-editor\" data-id=\"4469520\" data-element_type=\"widget\" data-widget_type=\"text-editor.default\">\n\t\t\t\t<div class=\"elementor-widget-container\">\n\t\t\t\t\t\t\t\t<div class=\"elementor-text-editor elementor-clearfix\">\n\t\t\t\t<div><p>EBM cultive sa diff\u00e9rence \u00e0 travers une approche pragmatique et pointue bas\u00e9e sur un savoir faire transmis de g\u00e9n\u00e9ration a g\u00e9n\u00e9ration. L\u2019esprit d\u2019entreprendre, grandes vari\u00e9t\u00e9s de projets de haut niveau et diversifi\u00e9s sont nos atouts. EBM g\u00e9n\u00e8re une dynamique et une diversit\u00e9 offrant un large choix de produits \u00e0 ses clients.<\/p><\/div><div id=\"ConnectiveDocSignExtentionInstalled\" data-extension-version=\"1.0.4\">\u00a0<\/div>\t\t\t\t\t<\/div>\n\t\t\t\t\t\t<\/div>\n\t\t\t\t<\/div>\n\t\t\t\t\t\t<\/div>\n\t\t\t\t\t<\/div>\n\t\t<\/div>\n\t\t\t\t<div class=\"elementor-column elementor-col-50 elementor-top-column elementor-element elementor-element-c108525\" data-id=\"c108525\" data-element_type=\"column\">\n\t\t\t<div class=\"elementor-column-wrap elementor-element-populated\">\n\t\t\t\t\t\t\t<div class=\"elementor-widget-wrap\">\n\t\t\t\t\t\t<div class=\"elementor-element elementor-element-6fb53aa elementor-widget elementor-widget-image\" data-id=\"6fb53aa\" data-element_type=\"widget\" data-widget_type=\"image.default\">\n\t\t\t\t<div class=\"elementor-widget-container\">\n\t\t\t\t\t\t\t\t<div class=\"elementor-image\">\n\t\t\t\t\t\t\t\t\t\t\t\t<img decoding=async  width=\"245\" height=\"170\" src=\"https:\/\/mlfx41qsxaiq.i.optimole.com\/w:auto\/h:auto\/q:mauto\/f:avif\/https:\/\/ebm-sa.be\/wp-content\/uploads\/2019\/10\/chaudronnerie.jpg\" class=\"attachment-large size-large\" alt=\"\" \/>\t\t\t\t\t\t\t\t\t\t\t\t\t\t<\/div>\n\t\t\t\t\t\t<\/div>\n\t\t\t\t<\/div>\n\t\t\t\t\t\t<\/div>\n\t\t\t\t\t<\/div>\n\t\t<\/div>\n\t\t\t\t\t\t\t\t<\/div>\n\t\t\t\t\t<\/div>\n\t\t<\/section>\n\t\t\t\t<section class=\"elementor-section elementor-top-section elementor-element elementor-element-45dfd99 elementor-section-boxed elementor-section-height-default elementor-section-height-default\" data-id=\"45dfd99\" data-element_type=\"section\">\n\t\t\t\t\t\t<div class=\"elementor-container elementor-column-gap-default\">\n\t\t\t\t\t\t\t<div class=\"elementor-row\">\n\t\t\t\t\t<div class=\"elementor-column elementor-col-100 elementor-top-column elementor-element elementor-element-c23a8d8\" data-id=\"c23a8d8\" data-element_type=\"column\">\n\t\t\t<div class=\"elementor-column-wrap elementor-element-populated\">\n\t\t\t\t\t\t\t<div class=\"elementor-widget-wrap\">\n\t\t\t\t\t\t<div class=\"elementor-element elementor-element-46e3d8b elementor-widget elementor-widget-heading\" data-id=\"46e3d8b\" data-element_type=\"widget\" data-widget_type=\"heading.default\">\n\t\t\t\t<div class=\"elementor-widget-container\">\n\t\t\t<h2 class=\"elementor-heading-title elementor-size-default\">Temoignages<\/h2>\t\t<\/div>\n\t\t\t\t<\/div>\n\t\t\t\t\t\t<\/div>\n\t\t\t\t\t<\/div>\n\t\t<\/div>\n\t\t\t\t\t\t\t\t<\/div>\n\t\t\t\t\t<\/div>\n\t\t<\/section>\n\t\t\t\t<section class=\"elementor-section elementor-top-section elementor-element elementor-element-336c1b7 elementor-section-boxed elementor-section-height-default elementor-section-height-default\" data-id=\"336c1b7\" data-element_type=\"section\">\n\t\t\t\t\t\t<div class=\"elementor-container elementor-column-gap-default\">\n\t\t\t\t\t\t\t<div class=\"elementor-row\">\n\t\t\t\t\t<div class=\"elementor-column elementor-col-33 elementor-top-column elementor-element elementor-element-b9ee035\" data-id=\"b9ee035\" data-element_type=\"column\">\n\t\t\t<div class=\"elementor-column-wrap elementor-element-populated\">\n\t\t\t\t\t\t\t<div class=\"elementor-widget-wrap\">\n\t\t\t\t\t\t<div class=\"elementor-element elementor-element-ba3583b elementor-widget elementor-widget-text-editor\" data-id=\"ba3583b\" data-element_type=\"widget\" data-widget_type=\"text-editor.default\">\n\t\t\t\t<div class=\"elementor-widget-container\">\n\t\t\t\t\t\t\t\t<div class=\"elementor-text-editor elementor-clearfix\">\n\t\t\t\t<p>\u201c&#8230; EBM attache beaucoup d&rsquo;importance \u00e0 une relation durable tant avec ses collaborateurs qu&rsquo;avec l&rsquo;environnement, l\u2019aspiration \u00e0 un niveau de vie plus \u00e9lev\u00e9 est universelle&#8230;\u201d<\/p><p>\u00a0<\/p><div class=\"alignright text1\">Meir Swerdlow \u00a0<br \/>Administrateur<\/div><div id=\"ConnectiveDocSignExtentionInstalled\" data-extension-version=\"1.0.4\">\u00a0<\/div>\t\t\t\t\t<\/div>\n\t\t\t\t\t\t<\/div>\n\t\t\t\t<\/div>\n\t\t\t\t\t\t<\/div>\n\t\t\t\t\t<\/div>\n\t\t<\/div>\n\t\t\t\t<div class=\"elementor-column elementor-col-33 elementor-top-column elementor-element elementor-element-2484e03\" data-id=\"2484e03\" data-element_type=\"column\">\n\t\t\t<div class=\"elementor-column-wrap elementor-element-populated\">\n\t\t\t\t\t\t\t<div class=\"elementor-widget-wrap\">\n\t\t\t\t\t\t<div class=\"elementor-element elementor-element-17ddaf3 elementor-widget elementor-widget-text-editor\" data-id=\"17ddaf3\" data-element_type=\"widget\" data-widget_type=\"text-editor.default\">\n\t\t\t\t<div class=\"elementor-widget-container\">\n\t\t\t\t\t\t\t\t<div class=\"elementor-text-editor elementor-clearfix\">\n\t\t\t\t<p>\u201c&#8230; Au lieu de solutions simples, des choix intelligents..<\/p><p>Notre entreprise est d\u00e9di\u00e9e \u00e0 trouver des solutions qui engendrent un progr\u00e8s r\u00e9el et visible a court et long terme afin de relever les d\u00e9fis qui nous attendent&#8230;\u201d<\/p><div class=\"alignright text1\">Jeremy Swerdlow<br \/>Directeur<\/div>\t\t\t\t\t<\/div>\n\t\t\t\t\t\t<\/div>\n\t\t\t\t<\/div>\n\t\t\t\t\t\t<\/div>\n\t\t\t\t\t<\/div>\n\t\t<\/div>\n\t\t\t\t<div class=\"elementor-column elementor-col-33 elementor-top-column elementor-element elementor-element-7a94f1d\" data-id=\"7a94f1d\" data-element_type=\"column\">\n\t\t\t<div class=\"elementor-column-wrap elementor-element-populated\">\n\t\t\t\t\t\t\t<div class=\"elementor-widget-wrap\">\n\t\t\t\t\t\t<div class=\"elementor-element elementor-element-436d6db elementor-widget elementor-widget-text-editor\" data-id=\"436d6db\" data-element_type=\"widget\" data-widget_type=\"text-editor.default\">\n\t\t\t\t<div class=\"elementor-widget-container\">\n\t\t\t\t\t\t\t\t<div class=\"elementor-text-editor elementor-clearfix\">\n\t\t\t\t<p>\u201c&#8230; La qualit\u00e9 et la s\u00e9curit\u00e9 avant tout.<\/p><p>Notre inspiration est bas\u00e9e sur la perfection et la s\u00e9curit\u00e9 de toutes les parties concern\u00e9es ainsi que le respect de l&rsquo;environnement, de l&rsquo;entourage et des normes de fabrications&#8230;\u201d<\/p><div class=\"alignright text1\">Giuseppe Criscenzo<br \/>Responsable Technique<\/div>\t\t\t\t\t<\/div>\n\t\t\t\t\t\t<\/div>\n\t\t\t\t<\/div>\n\t\t\t\t\t\t<\/div>\n\t\t\t\t\t<\/div>\n\t\t<\/div>\n\t\t\t\t\t\t\t\t<\/div>\n\t\t\t\t\t<\/div>\n\t\t<\/section>\n\t\t\t\t<section class=\"elementor-section elementor-top-section elementor-element elementor-element-1d32c6a elementor-section-boxed elementor-section-height-default elementor-section-height-default\" data-id=\"1d32c6a\" data-element_type=\"section\">\n\t\t\t\t\t\t<div class=\"elementor-container elementor-column-gap-default\">\n\t\t\t\t\t\t\t<div class=\"elementor-row\">\n\t\t\t\t\t<div class=\"elementor-column elementor-col-100 elementor-top-column elementor-element elementor-element-592555c\" data-id=\"592555c\" data-element_type=\"column\">\n\t\t\t<div class=\"elementor-column-wrap elementor-element-populated\">\n\t\t\t\t\t\t\t<div class=\"elementor-widget-wrap\">\n\t\t\t\t\t\t<div class=\"elementor-element elementor-element-f43aded elementor-widget elementor-widget-heading\" data-id=\"f43aded\" data-element_type=\"widget\" data-widget_type=\"heading.default\">\n\t\t\t\t<div class=\"elementor-widget-container\">\n\t\t\t<h2 class=\"elementor-heading-title elementor-size-default\">Pourquoi nous choisir<\/h2>\t\t<\/div>\n\t\t\t\t<\/div>\n\t\t\t\t\t\t<\/div>\n\t\t\t\t\t<\/div>\n\t\t<\/div>\n\t\t\t\t\t\t\t\t<\/div>\n\t\t\t\t\t<\/div>\n\t\t<\/section>\n\t\t\t\t<section class=\"elementor-section elementor-top-section elementor-element elementor-element-1194b25 elementor-section-boxed elementor-section-height-default elementor-section-height-default\" data-id=\"1194b25\" data-element_type=\"section\">\n\t\t\t\t\t\t<div class=\"elementor-container elementor-column-gap-default\">\n\t\t\t\t\t\t\t<div class=\"elementor-row\">\n\t\t\t\t\t<div class=\"elementor-column elementor-col-50 elementor-top-column elementor-element elementor-element-b285d0e\" data-id=\"b285d0e\" data-element_type=\"column\">\n\t\t\t<div class=\"elementor-column-wrap elementor-element-populated\">\n\t\t\t\t\t\t\t<div class=\"elementor-widget-wrap\">\n\t\t\t\t\t\t<div class=\"elementor-element elementor-element-bf809e9 elementor-widget elementor-widget-text-editor\" data-id=\"bf809e9\" data-element_type=\"widget\" data-widget_type=\"text-editor.default\">\n\t\t\t\t<div class=\"elementor-widget-container\">\n\t\t\t\t\t\t\t\t<div class=\"elementor-text-editor elementor-clearfix\">\n\t\t\t\t<div class=\"col-1\"><ul><li>Nous nous distinguons par une pratique originale de notre m\u00e9tier consistant \u00e0 \u00e9tablir, de g\u00e9n\u00e9ration en g\u00e9n\u00e9ration, une relation d&rsquo;exception avec nos clients.<\/li><\/ul><p>\u00a0<\/p><ul><li>Tous nos produits et services sont de tr\u00e8s haute qualit\u00e9 et a des prix tr\u00e8s comp\u00e9titifs.<\/li><\/ul><\/div><div id=\"ConnectiveDocSignExtentionInstalled\" data-extension-version=\"1.0.4\">\u00a0<\/div>\t\t\t\t\t<\/div>\n\t\t\t\t\t\t<\/div>\n\t\t\t\t<\/div>\n\t\t\t\t\t\t<\/div>\n\t\t\t\t\t<\/div>\n\t\t<\/div>\n\t\t\t\t<div class=\"elementor-column elementor-col-50 elementor-top-column elementor-element elementor-element-4c1cb29\" data-id=\"4c1cb29\" data-element_type=\"column\">\n\t\t\t<div class=\"elementor-column-wrap elementor-element-populated\">\n\t\t\t\t\t\t\t<div class=\"elementor-widget-wrap\">\n\t\t\t\t\t\t<div class=\"elementor-element elementor-element-3c4fd7b elementor-widget elementor-widget-text-editor\" data-id=\"3c4fd7b\" data-element_type=\"widget\" data-widget_type=\"text-editor.default\">\n\t\t\t\t<div class=\"elementor-widget-container\">\n\t\t\t\t\t\t\t\t<div class=\"elementor-text-editor elementor-clearfix\">\n\t\t\t\t<div class=\"col-2\"><ul><li>Notre savoir-faire, nos solutions, services et outils sont enti\u00e8rement mis \u00e0 disposition de nos clients pour g\u00e9n\u00e9rer une comp\u00e9titivit\u00e9 durable.<\/li><\/ul><ul><li>Notre culture d&rsquo;entreprise comprend, notamment, l&rsquo;excellence de la qualit\u00e9 de nos produit et le respect absolu des d\u00e9lais.<\/li><\/ul><\/div><div id=\"ConnectiveDocSignExtentionInstalled\" data-extension-version=\"1.0.4\">\u00a0<\/div>\t\t\t\t\t<\/div>\n\t\t\t\t\t\t<\/div>\n\t\t\t\t<\/div>\n\t\t\t\t\t\t<\/div>\n\t\t\t\t\t<\/div>\n\t\t<\/div>\n\t\t\t\t\t\t\t\t<\/div>\n\t\t\t\t\t<\/div>\n\t\t<\/section>\n\t\t\t\t<section class=\"elementor-section elementor-top-section elementor-element elementor-element-479d701 elementor-section-boxed elementor-section-height-default elementor-section-height-default\" data-id=\"479d701\" data-element_type=\"section\">\n\t\t\t\t\t\t<div class=\"elementor-container elementor-column-gap-default\">\n\t\t\t\t\t\t\t<div class=\"elementor-row\">\n\t\t\t\t\t<div class=\"elementor-column elementor-col-100 elementor-top-column elementor-element elementor-element-1f96132\" data-id=\"1f96132\" data-element_type=\"column\">\n\t\t\t<div class=\"elementor-column-wrap elementor-element-populated\">\n\t\t\t\t\t\t\t<div class=\"elementor-widget-wrap\">\n\t\t\t\t\t\t<div class=\"elementor-element elementor-element-cea70ed elementor-widget elementor-widget-heading\" data-id=\"cea70ed\" data-element_type=\"widget\" data-widget_type=\"heading.default\">\n\t\t\t\t<div class=\"elementor-widget-container\">\n\t\t\t<h2 class=\"elementor-heading-title elementor-size-default\">Historique<\/h2>\t\t<\/div>\n\t\t\t\t<\/div>\n\t\t\t\t\t\t<\/div>\n\t\t\t\t\t<\/div>\n\t\t<\/div>\n\t\t\t\t\t\t\t\t<\/div>\n\t\t\t\t\t<\/div>\n\t\t<\/section>\n\t\t\t\t<section class=\"elementor-section elementor-top-section elementor-element elementor-element-7bfc7ca elementor-section-boxed elementor-section-height-default elementor-section-height-default\" data-id=\"7bfc7ca\" data-element_type=\"section\">\n\t\t\t\t\t\t<div class=\"elementor-container elementor-column-gap-default\">\n\t\t\t\t\t\t\t<div class=\"elementor-row\">\n\t\t\t\t\t<div class=\"elementor-column elementor-col-100 elementor-top-column elementor-element elementor-element-be6cd62\" data-id=\"be6cd62\" data-element_type=\"column\">\n\t\t\t<div class=\"elementor-column-wrap elementor-element-populated\">\n\t\t\t\t\t\t\t<div class=\"elementor-widget-wrap\">\n\t\t\t\t\t\t<div class=\"elementor-element elementor-element-f31656c elementor-widget elementor-widget-text-editor\" data-id=\"f31656c\" data-element_type=\"widget\" data-widget_type=\"text-editor.default\">\n\t\t\t\t<div class=\"elementor-widget-container\">\n\t\t\t\t\t\t\t\t<div class=\"elementor-text-editor elementor-clearfix\">\n\t\t\t\t<p>L&rsquo;usine est n\u00e9e en 1928 de la volont\u00e9 de quelques industriels sp\u00e9cialis\u00e9s dans la discipline de la lumi\u00e8re. L&rsquo;lndustrielle Boraine fabriquait dans ses ateliers, avant la guerre, les phares marins et bou\u00e9es lumineuses \u00e9quipant la c\u00f4te belge et congo-belge.<\/p><p>Apr\u00e8s la guerre, I.B. utilisa ses machines pour la conception et la r\u00e9alisation de mat\u00e9riel d&rsquo;\u00e9quipement minier.<\/p><p>C&rsquo;est en 1953 que I.B. revint \u00e0 sa destination premi\u00e8re et s&rsquo;\u00e9tablit sur le march\u00e9 des luminaires pour l&rsquo;\u00e9clairage public.<\/p><p>En 1964, la soci\u00e9t\u00e9 entreprend l&rsquo;\u00e9tude et la r\u00e9alisation d&rsquo;une cha\u00eene de fabrication de cand\u00e9labres en Acier et en aluminium destin\u00e9s \u00e0 l\u2019\u00e9clairage des routes et autoroutes.<\/p><p>Cette cha\u00eene rest\u00e9e unique en Belgique fournit la totalit\u00e9 du march\u00e9 Belge.<\/p><p>En 1979, I.B. pensa \u00e0 se reconvertir dans le cr\u00e9neau de l&rsquo;\u00e9puration des eaux, secteur tr\u00e8s diff\u00e9rent. Au fil des ann\u00e9es, les march\u00e9s diminuent et la soci\u00e9t\u00e9 est mise en liquidation, c&rsquo;est alors la fin en 1993.<\/p><p>En janvier 1994, elle fut rachet\u00e9e par Monsieur GARLAND G\u00e9rard et constitu\u00e9e sous le nom d&rsquo;Entreprise Boraine de m\u00e9canique (EBM).<\/p><p>Ces activit\u00e9s sont alors orient\u00e9es vers la construction m\u00e9tallique la chaudronnerie tout en conservant son secteur poteaux d&rsquo;\u00e9clairage.<\/p>\t\t\t\t\t<\/div>\n\t\t\t\t\t\t<\/div>\n\t\t\t\t<\/div>\n\t\t\t\t\t\t<\/div>\n\t\t\t\t\t<\/div>\n\t\t<\/div>\n\t\t\t\t\t\t\t\t<\/div>\n\t\t\t\t\t<\/div>\n\t\t<\/section>\n\t\t\t\t<section class=\"elementor-section elementor-top-section elementor-element elementor-element-4cbee57 elementor-section-boxed elementor-section-height-default elementor-section-height-default\" data-id=\"4cbee57\" data-element_type=\"section\">\n\t\t\t\t\t\t<div class=\"elementor-container elementor-column-gap-default\">\n\t\t\t\t\t\t\t<div class=\"elementor-row\">\n\t\t\t\t\t<div class=\"elementor-column elementor-col-100 elementor-top-column elementor-element elementor-element-b4de4b1\" data-id=\"b4de4b1\" data-element_type=\"column\">\n\t\t\t<div class=\"elementor-column-wrap\">\n\t\t\t\t\t\t\t<div class=\"elementor-widget-wrap\">\n\t\t\t\t\t\t\t\t<\/div>\n\t\t\t\t\t<\/div>\n\t\t<\/div>\n\t\t\t\t\t\t\t\t<\/div>\n\t\t\t\t\t<\/div>\n\t\t<\/section>\n\t\t\t\t\t\t\t\t\t<\/div>\n\t\t\t<\/div>\n\t\t\t\t\t<\/div>\n\t\t","protected":false},"excerpt":{"rendered":"<p>Cette page decrit notre histoire<\/p>\n","protected":false},"author":1,"featured_media":0,"parent":0,"menu_order":0,"comment_status":"closed","ping_status":"closed","template":"","meta":[],"_links":{"self":[{"href":"https:\/\/ebm-sa.be\/index.php\/wp-json\/wp\/v2\/pages\/35"}],"collection":[{"href":"https:\/\/ebm-sa.be\/index.php\/wp-json\/wp\/v2\/pages"}],"about":[{"href":"https:\/\/ebm-sa.be\/index.php\/wp-json\/wp\/v2\/types\/page"}],"author":[{"embeddable":true,"href":"https:\/\/ebm-sa.be\/index.php\/wp-json\/wp\/v2\/users\/1"}],"replies":[{"embeddable":true,"href":"https:\/\/ebm-sa.be\/index.php\/wp-json\/wp\/v2\/comments?post=35"}],"version-history":[{"count":19,"href":"https:\/\/ebm-sa.be\/index.php\/wp-json\/wp\/v2\/pages\/35\/revisions"}],"predecessor-version":[{"id":1610,"href":"https:\/\/ebm-sa.be\/index.php\/wp-json\/wp\/v2\/pages\/35\/revisions\/1610"}],"wp:attachment":[{"href":"https:\/\/ebm-sa.be\/index.php\/wp-json\/wp\/v2\/media?parent=35"}],"curies":[{"name":"wp","href":"https:\/\/api.w.org\/{rel}","templated":true}]}}